{"id":2420,"date":"2025-02-19T09:21:56","date_gmt":"2025-02-19T09:21:56","guid":{"rendered":"https:\/\/www.profitconnect.co.uk\/blog\/"},"modified":"2025-12-06T13:57:31","modified_gmt":"2025-12-06T13:57:31","slug":"blog","status":"publish","type":"page","link":"https:\/\/www.profitconnect.co.uk\/hu\/blog\/","title":{"rendered":"Blog"},"content":{"rendered":"\t\t<div data-elementor-type=\"wp-page\" data-elementor-id=\"2420\" class=\"elementor elementor-2420 elementor-1532\" data-elementor-post-type=\"page\">\n\t\t\t\t<div data-dce-background-overlay-color=\"#FFFFFF\" data-dce-background-image-url=\"https:\/\/www.profitconnect.co.uk\/wp-content\/uploads\/2025\/02\/news-pr.jpg\" class=\"elementor-element elementor-element-8ca0a4f hero e-flex e-con-boxed e-con e-parent\" data-id=\"8ca0a4f\" data-element_type=\"container\" data-settings=\"{&quot;background_background&quot;:&quot;classic&quot;,&quot;shape_divider_bottom&quot;:&quot;curve&quot;,&quot;shape_divider_bottom_negative&quot;:&quot;yes&quot;}\">\n\t\t\t\t\t<div class=\"e-con-inner\">\n\t\t\t\t<div class=\"elementor-shape elementor-shape-bottom\" aria-hidden=\"true\" data-negative=\"true\">\n\t\t\t<svg xmlns=\"http:\/\/www.w3.org\/2000\/svg\" viewBox=\"0 0 1000 100\" preserveAspectRatio=\"none\">\n\t<path class=\"elementor-shape-fill\" d=\"M500,97C126.7,96.3,0.8,19.8,0,0v100l1000,0V1C1000,19.4,873.3,97.8,500,97z\"\/>\n<\/svg>\t\t<\/div>\n\t\t<div class=\"elementor-element elementor-element-dcc9fa3 e-flex e-con-boxed e-con e-child\" data-id=\"dcc9fa3\" data-element_type=\"container\">\n\t\t\t\t\t<div class=\"e-con-inner\">\n\t\t\t\t<div class=\"elementor-element elementor-element-442a302 elementor-widget elementor-widget-heading\" data-id=\"442a302\" data-element_type=\"widget\" data-widget_type=\"heading.default\">\n\t\t\t\t<div class=\"elementor-widget-container\">\n\t\t\t\t\t<h1 class=\"elementor-heading-title elementor-size-default\">Blog<\/h1>\t\t\t\t<\/div>\n\t\t\t\t<\/div>\n\t\t\t\t<div data-dce-title-color=\"#EF7D00\" class=\"elementor-element elementor-element-61709bf elementor-widget elementor-widget-heading\" data-id=\"61709bf\" data-element_type=\"widget\" data-widget_type=\"heading.default\">\n\t\t\t\t<div class=\"elementor-widget-container\">\n\t\t\t\t\t<span class=\"elementor-heading-title elementor-size-default\">Maradjon naprak\u00e9sz<\/span>\t\t\t\t<\/div>\n\t\t\t\t<\/div>\n\t\t\t\t\t<\/div>\n\t\t\t\t<\/div>\n\t\t\t\t\t<\/div>\n\t\t\t\t<\/div>\n\t\t\t\t<section class=\"elementor-section elementor-top-section elementor-element elementor-element-12c68ed elementor-section-boxed elementor-section-height-default elementor-section-height-default\" data-id=\"12c68ed\" data-element_type=\"section\">\n\t\t\t\t\t\t<div class=\"elementor-container elementor-column-gap-default\">\n\t\t\t\t\t<div class=\"elementor-column elementor-col-100 elementor-top-column elementor-element elementor-element-2e3ae59\" data-id=\"2e3ae59\" data-element_type=\"column\">\n\t\t\t<div class=\"elementor-widget-wrap elementor-element-populated\">\n\t\t\t\t\t\t<div class=\"elementor-element elementor-element-a1f2c2c elementor-grid-3 elementor-grid-tablet-2 elementor-grid-mobile-1 elementor-posts--thumbnail-top elementor-card-shadow-yes elementor-posts__hover-gradient elementor-widget elementor-widget-posts\" data-id=\"a1f2c2c\" data-element_type=\"widget\" data-settings=\"{&quot;pagination_type&quot;:&quot;numbers&quot;,&quot;cards_columns&quot;:&quot;3&quot;,&quot;cards_columns_tablet&quot;:&quot;2&quot;,&quot;cards_columns_mobile&quot;:&quot;1&quot;,&quot;cards_row_gap&quot;:{&quot;unit&quot;:&quot;px&quot;,&quot;size&quot;:35,&quot;sizes&quot;:[]},&quot;cards_row_gap_tablet&quot;:{&quot;unit&quot;:&quot;px&quot;,&quot;size&quot;:&quot;&quot;,&quot;sizes&quot;:[]},&quot;cards_row_gap_mobile&quot;:{&quot;unit&quot;:&quot;px&quot;,&quot;size&quot;:&quot;&quot;,&quot;sizes&quot;:[]}}\" data-widget_type=\"posts.cards\">\n\t\t\t\t<div class=\"elementor-widget-container\">\n\t\t\t\t\t\t\t<div class=\"elementor-posts-container elementor-posts elementor-posts--skin-cards elementor-grid\" role=\"list\">\n\t\t\t\t<article class=\"elementor-post elementor-grid-item post-2765 post type-post status-publish format-standard has-post-thumbnail hentry category-esettanulmanyok\" role=\"listitem\">\n\t\t\t<div class=\"elementor-post__card\">\n\t\t\t\t<a class=\"elementor-post__thumbnail__link\" href=\"https:\/\/www.profitconnect.co.uk\/hu\/esettanulmanyok\/a-profit-connect-uj-mercet-allit-fel-a-behajtasi-ellenorzes-teren-egy-nemzetkozi-omnicsatornas-kiskereskedovel\/\" tabindex=\"-1\" ><div class=\"elementor-post__thumbnail\"><img fetchpriority=\"high\" decoding=\"async\" width=\"300\" height=\"200\" src=\"https:\/\/www.profitconnect.co.uk\/wp-content\/uploads\/2025\/09\/omni-channel-retail-300x200.png\" class=\"attachment-medium size-medium wp-image-2766\" alt=\"\" srcset=\"https:\/\/www.profitconnect.co.uk\/wp-content\/uploads\/2025\/09\/omni-channel-retail-300x200.png 300w, https:\/\/www.profitconnect.co.uk\/wp-content\/uploads\/2025\/09\/omni-channel-retail-1024x683.png 1024w, https:\/\/www.profitconnect.co.uk\/wp-content\/uploads\/2025\/09\/omni-channel-retail-768x512.png 768w, https:\/\/www.profitconnect.co.uk\/wp-content\/uploads\/2025\/09\/omni-channel-retail.png 1080w\" sizes=\"(max-width: 300px) 100vw, 300px\" \/><\/div><\/a>\n\t\t\t\t<div class=\"elementor-post__badge\">Esettanulm\u00e1nyok<\/div>\n\t\t\t\t<div class=\"elementor-post__text\">\n\t\t\t\t<h2 class=\"elementor-post__title\">\n\t\t\t<a href=\"https:\/\/www.profitconnect.co.uk\/hu\/esettanulmanyok\/a-profit-connect-uj-mercet-allit-fel-a-behajtasi-ellenorzes-teren-egy-nemzetkozi-omnicsatornas-kiskereskedovel\/\" >\n\t\t\t\tA Profit Connect \u00faj standardot \u00e1ll\u00edt fel a behajt\u00e1si audit ter\u00e9n egy nemzetk\u00f6zi omnicsatorn\u00e1s kiskeresked\u0151vel.\t\t\t<\/a>\n\t\t<\/h2>\n\t\t\t\t<div class=\"elementor-post__excerpt\">\n\t\t\t<p>A t\u00f6rt\u00e9net A Profit Connect a sz\u00e1ll\u00edt\u00f3i audit megold\u00e1sok specialist\u00e1ja az eur\u00f3pai, k\u00f6zel-keleti, brit, amerikai \u00e9s \u00e1zsiai \u00fcgyfelek sz\u00e1m\u00e1ra \u2013<\/p>\n\t\t<\/div>\n\t\t\t\t\t<div class=\"elementor-post__read-more-wrapper\">\n\t\t\n\t\t<a class=\"elementor-post__read-more\" href=\"https:\/\/www.profitconnect.co.uk\/hu\/esettanulmanyok\/a-profit-connect-uj-mercet-allit-fel-a-behajtasi-ellenorzes-teren-egy-nemzetkozi-omnicsatornas-kiskereskedovel\/\" aria-label=\"Read more about A Profit Connect \u00faj standardot \u00e1ll\u00edt fel a behajt\u00e1si audit ter\u00e9n egy nemzetk\u00f6zi omnicsatorn\u00e1s kiskeresked\u0151vel.\" tabindex=\"-1\" >\n\t\t\tB\u0151vebben &gt;\t\t<\/a>\n\n\t\t\t\t\t<\/div>\n\t\t\t\t<\/div>\n\t\t\t\t<div class=\"elementor-post__meta-data\">\n\t\t\t\t\t<span class=\"elementor-post-date\">\n\t\t\tszeptember 25, 2025\t\t<\/span>\n\t\t\t\t<\/div>\n\t\t\t\t\t<\/div>\n\t\t<\/article>\n\t\t\t\t<article class=\"elementor-post elementor-grid-item post-2729 post type-post status-publish format-standard has-post-thumbnail hentry category-esettanulmanyok\" role=\"listitem\">\n\t\t\t<div class=\"elementor-post__card\">\n\t\t\t\t<a class=\"elementor-post__thumbnail__link\" href=\"https:\/\/www.profitconnect.co.uk\/hu\/esettanulmanyok\/a-kozel-keleti-muveletek-helyreallitasi-ellenorzesenek-kiterjesztese\/\" tabindex=\"-1\" ><div class=\"elementor-post__thumbnail\"><img decoding=\"async\" width=\"300\" height=\"200\" src=\"https:\/\/www.profitconnect.co.uk\/wp-content\/uploads\/2025\/05\/carrefour-300x200.png\" class=\"attachment-medium size-medium wp-image-2731\" alt=\"\" srcset=\"https:\/\/www.profitconnect.co.uk\/wp-content\/uploads\/2025\/05\/carrefour-300x200.png 300w, https:\/\/www.profitconnect.co.uk\/wp-content\/uploads\/2025\/05\/carrefour-1024x683.png 1024w, https:\/\/www.profitconnect.co.uk\/wp-content\/uploads\/2025\/05\/carrefour-768x512.png 768w, https:\/\/www.profitconnect.co.uk\/wp-content\/uploads\/2025\/05\/carrefour.png 1080w\" sizes=\"(max-width: 300px) 100vw, 300px\" \/><\/div><\/a>\n\t\t\t\t<div class=\"elementor-post__badge\">Esettanulm\u00e1nyok<\/div>\n\t\t\t\t<div class=\"elementor-post__text\">\n\t\t\t\t<h2 class=\"elementor-post__title\">\n\t\t\t<a href=\"https:\/\/www.profitconnect.co.uk\/hu\/esettanulmanyok\/a-kozel-keleti-muveletek-helyreallitasi-ellenorzesenek-kiterjesztese\/\" >\n\t\t\t\tProfit Recovery audit terjeszked\u00e9s a k\u00f6zel-keleti r\u00e9gi\u00f3ban\t\t\t<\/a>\n\t\t<\/h2>\n\t\t\t\t<div class=\"elementor-post__excerpt\">\n\t\t\t<p>Esettanulm\u00e1ny A Carrefour nemzetk\u00f6zi szinten m\u00e1r jelent\u0151s, pozit\u00edv tapasztalatokat szerzett a profit visszaszerz\u00e9si auditok (Recovery Audit) ter\u00e9n, \u00edgy id\u0151szer\u0171v\u00e9 v\u00e1lt<\/p>\n\t\t<\/div>\n\t\t\t\t\t<div class=\"elementor-post__read-more-wrapper\">\n\t\t\n\t\t<a class=\"elementor-post__read-more\" href=\"https:\/\/www.profitconnect.co.uk\/hu\/esettanulmanyok\/a-kozel-keleti-muveletek-helyreallitasi-ellenorzesenek-kiterjesztese\/\" aria-label=\"Read more about Profit Recovery audit terjeszked\u00e9s a k\u00f6zel-keleti r\u00e9gi\u00f3ban\" tabindex=\"-1\" >\n\t\t\tB\u0151vebben &gt;\t\t<\/a>\n\n\t\t\t\t\t<\/div>\n\t\t\t\t<\/div>\n\t\t\t\t<div class=\"elementor-post__meta-data\">\n\t\t\t\t\t<span class=\"elementor-post-date\">\n\t\t\tm\u00e1jus 22, 2025\t\t<\/span>\n\t\t\t\t<\/div>\n\t\t\t\t\t<\/div>\n\t\t<\/article>\n\t\t\t\t<article class=\"elementor-post elementor-grid-item post-2721 post type-post status-publish format-standard has-post-thumbnail hentry category-hirek\" role=\"listitem\">\n\t\t\t<div class=\"elementor-post__card\">\n\t\t\t\t<a class=\"elementor-post__thumbnail__link\" href=\"https:\/\/www.profitconnect.co.uk\/hu\/hirek\/a-legalacsonyabb-ar-a-legnagyobb-megtakaritast-jelenti\/\" tabindex=\"-1\" ><div class=\"elementor-post__thumbnail\"><img decoding=\"async\" width=\"300\" height=\"200\" src=\"https:\/\/www.profitconnect.co.uk\/wp-content\/uploads\/2025\/04\/lowest-price-300x200.png\" class=\"attachment-medium size-medium wp-image-2724\" alt=\"\" srcset=\"https:\/\/www.profitconnect.co.uk\/wp-content\/uploads\/2025\/04\/lowest-price-300x200.png 300w, https:\/\/www.profitconnect.co.uk\/wp-content\/uploads\/2025\/04\/lowest-price-1024x683.png 1024w, https:\/\/www.profitconnect.co.uk\/wp-content\/uploads\/2025\/04\/lowest-price-768x512.png 768w, https:\/\/www.profitconnect.co.uk\/wp-content\/uploads\/2025\/04\/lowest-price.png 1080w\" sizes=\"(max-width: 300px) 100vw, 300px\" \/><\/div><\/a>\n\t\t\t\t<div class=\"elementor-post__badge\">H\u00edrek<\/div>\n\t\t\t\t<div class=\"elementor-post__text\">\n\t\t\t\t<h2 class=\"elementor-post__title\">\n\t\t\t<a href=\"https:\/\/www.profitconnect.co.uk\/hu\/hirek\/a-legalacsonyabb-ar-a-legnagyobb-megtakaritast-jelenti\/\" >\n\t\t\t\tVal\u00f3ban a legalacsonyabb \u00e1r jelenti a legnagyobb megtakar\u00edt\u00e1st?\t\t\t<\/a>\n\t\t<\/h2>\n\t\t\t\t<div class=\"elementor-post__excerpt\">\n\t\t\t<p>Gyakori t\u00e9vhit, hogy a legolcs\u00f3bb aj\u00e1nlat garant\u00e1lja a legmagasabb megtakar\u00edt\u00e1st. Ez a szeml\u00e9let k\u00fcl\u00f6n\u00f6sen kock\u00e1zatos a sikerd\u00edj alap\u00fa auditok (Profit<\/p>\n\t\t<\/div>\n\t\t\t\t\t<div class=\"elementor-post__read-more-wrapper\">\n\t\t\n\t\t<a class=\"elementor-post__read-more\" href=\"https:\/\/www.profitconnect.co.uk\/hu\/hirek\/a-legalacsonyabb-ar-a-legnagyobb-megtakaritast-jelenti\/\" aria-label=\"Read more about Val\u00f3ban a legalacsonyabb \u00e1r jelenti a legnagyobb megtakar\u00edt\u00e1st?\" tabindex=\"-1\" >\n\t\t\tB\u0151vebben &gt;\t\t<\/a>\n\n\t\t\t\t\t<\/div>\n\t\t\t\t<\/div>\n\t\t\t\t<div class=\"elementor-post__meta-data\">\n\t\t\t\t\t<span class=\"elementor-post-date\">\n\t\t\t\u00e1prilis 9, 2025\t\t<\/span>\n\t\t\t\t<\/div>\n\t\t\t\t\t<\/div>\n\t\t<\/article>\n\t\t\t\t<article class=\"elementor-post elementor-grid-item post-2677 post type-post status-publish format-standard has-post-thumbnail hentry category-esettanulmanyok\" role=\"listitem\">\n\t\t\t<div class=\"elementor-post__card\">\n\t\t\t\t<a class=\"elementor-post__thumbnail__link\" href=\"https:\/\/www.profitconnect.co.uk\/hu\/esettanulmanyok\/a-belso-folyamatok-es-ellenorzesek-javitasa\/\" tabindex=\"-1\" ><div class=\"elementor-post__thumbnail\"><img loading=\"lazy\" decoding=\"async\" width=\"300\" height=\"200\" src=\"https:\/\/www.profitconnect.co.uk\/wp-content\/uploads\/2025\/01\/internal-process-300x200.png\" class=\"attachment-medium size-medium wp-image-2679\" alt=\"\" srcset=\"https:\/\/www.profitconnect.co.uk\/wp-content\/uploads\/2025\/01\/internal-process-300x200.png 300w, https:\/\/www.profitconnect.co.uk\/wp-content\/uploads\/2025\/01\/internal-process-1024x683.png 1024w, https:\/\/www.profitconnect.co.uk\/wp-content\/uploads\/2025\/01\/internal-process-768x512.png 768w, https:\/\/www.profitconnect.co.uk\/wp-content\/uploads\/2025\/01\/internal-process.png 1080w\" sizes=\"(max-width: 300px) 100vw, 300px\" \/><\/div><\/a>\n\t\t\t\t<div class=\"elementor-post__badge\">Esettanulm\u00e1nyok<\/div>\n\t\t\t\t<div class=\"elementor-post__text\">\n\t\t\t\t<h2 class=\"elementor-post__title\">\n\t\t\t<a href=\"https:\/\/www.profitconnect.co.uk\/hu\/esettanulmanyok\/a-belso-folyamatok-es-ellenorzesek-javitasa\/\" >\n\t\t\t\tA bels\u0151 folyamatok \u00e9s kontrollk\u00f6rnyezet fejleszt\u00e9se\t\t\t<\/a>\n\t\t<\/h2>\n\t\t\t\t<div class=\"elementor-post__excerpt\">\n\t\t\t<p>Esettanulm\u00e1ny A projekt egy \u00e1tfog\u00f3 sz\u00e1ll\u00edt\u00f3i foly\u00f3sz\u00e1mla-fel\u00fclvizsg\u00e1lattal (AP audit) indult, amely mag\u00e1ban foglalta a teljes k\u00f6r\u0171 egyenlegk\u00f6zl\u0151-egyeztet\u00e9st, a sz\u00e1mlafeldolgoz\u00e1si hib\u00e1k<\/p>\n\t\t<\/div>\n\t\t\t\t\t<div class=\"elementor-post__read-more-wrapper\">\n\t\t\n\t\t<a class=\"elementor-post__read-more\" href=\"https:\/\/www.profitconnect.co.uk\/hu\/esettanulmanyok\/a-belso-folyamatok-es-ellenorzesek-javitasa\/\" aria-label=\"Read more about A bels\u0151 folyamatok \u00e9s kontrollk\u00f6rnyezet fejleszt\u00e9se\" tabindex=\"-1\" >\n\t\t\tB\u0151vebben &gt;\t\t<\/a>\n\n\t\t\t\t\t<\/div>\n\t\t\t\t<\/div>\n\t\t\t\t<div class=\"elementor-post__meta-data\">\n\t\t\t\t\t<span class=\"elementor-post-date\">\n\t\t\tjanu\u00e1r 13, 2025\t\t<\/span>\n\t\t\t\t<\/div>\n\t\t\t\t\t<\/div>\n\t\t<\/article>\n\t\t\t\t<article class=\"elementor-post elementor-grid-item post-2670 post type-post status-publish format-standard has-post-thumbnail hentry category-hirek\" role=\"listitem\">\n\t\t\t<div class=\"elementor-post__card\">\n\t\t\t\t<a class=\"elementor-post__thumbnail__link\" href=\"https:\/\/www.profitconnect.co.uk\/hu\/hirek\/szeretne-egy-projektet-futtatni-de-nincs-koltsegvetese-a-profit-connect-segithet-onnek\/\" tabindex=\"-1\" ><div class=\"elementor-post__thumbnail\"><img loading=\"lazy\" decoding=\"async\" width=\"300\" height=\"200\" src=\"https:\/\/www.profitconnect.co.uk\/wp-content\/uploads\/2024\/11\/blof-pc-300x200.png\" class=\"attachment-medium size-medium wp-image-2672\" alt=\"\" srcset=\"https:\/\/www.profitconnect.co.uk\/wp-content\/uploads\/2024\/11\/blof-pc-300x200.png 300w, https:\/\/www.profitconnect.co.uk\/wp-content\/uploads\/2024\/11\/blof-pc-1024x683.png 1024w, https:\/\/www.profitconnect.co.uk\/wp-content\/uploads\/2024\/11\/blof-pc-768x512.png 768w, https:\/\/www.profitconnect.co.uk\/wp-content\/uploads\/2024\/11\/blof-pc.png 1080w\" sizes=\"(max-width: 300px) 100vw, 300px\" \/><\/div><\/a>\n\t\t\t\t<div class=\"elementor-post__badge\">H\u00edrek<\/div>\n\t\t\t\t<div class=\"elementor-post__text\">\n\t\t\t\t<h2 class=\"elementor-post__title\">\n\t\t\t<a href=\"https:\/\/www.profitconnect.co.uk\/hu\/hirek\/szeretne-egy-projektet-futtatni-de-nincs-koltsegvetese-a-profit-connect-segithet-onnek\/\" >\n\t\t\t\t\u00daj projektet ind\u00edtana, de nem \u00e1ll rendelkez\u00e9sre k\u00fcl\u00f6n keret? A Profit Connect megold\u00e1st k\u00edn\u00e1l\t\t\t<\/a>\n\t\t<\/h2>\n\t\t\t\t<div class=\"elementor-post__excerpt\">\n\t\t\t<p>A Profit Connect szak\u00e9rt\u0151 csapata seg\u00edt felszabad\u00edtani a kor\u00e1bbi \u00fczleti id\u0151szakok tranzakci\u00f3iban rejtve maradt t\u0151k\u00e9t. \u00c1tvil\u00e1g\u00edt\u00e1si folyamatunk a teljes beszerz\u00e9si<\/p>\n\t\t<\/div>\n\t\t\t\t\t<div class=\"elementor-post__read-more-wrapper\">\n\t\t\n\t\t<a class=\"elementor-post__read-more\" href=\"https:\/\/www.profitconnect.co.uk\/hu\/hirek\/szeretne-egy-projektet-futtatni-de-nincs-koltsegvetese-a-profit-connect-segithet-onnek\/\" aria-label=\"Read more about \u00daj projektet ind\u00edtana, de nem \u00e1ll rendelkez\u00e9sre k\u00fcl\u00f6n keret? A Profit Connect megold\u00e1st k\u00edn\u00e1l\" tabindex=\"-1\" >\n\t\t\tB\u0151vebben &gt;\t\t<\/a>\n\n\t\t\t\t\t<\/div>\n\t\t\t\t<\/div>\n\t\t\t\t<div class=\"elementor-post__meta-data\">\n\t\t\t\t\t<span class=\"elementor-post-date\">\n\t\t\tnovember 22, 2024\t\t<\/span>\n\t\t\t\t<\/div>\n\t\t\t\t\t<\/div>\n\t\t<\/article>\n\t\t\t\t<article class=\"elementor-post elementor-grid-item post-2663 post type-post status-publish format-standard has-post-thumbnail hentry category-esettanulmanyok\" role=\"listitem\">\n\t\t\t<div class=\"elementor-post__card\">\n\t\t\t\t<a class=\"elementor-post__thumbnail__link\" href=\"https:\/\/www.profitconnect.co.uk\/hu\/esettanulmanyok\/a-paneuropai-behajtasi-ellenorzes-folyamatbiztositast-nyujt-az-egger-szamara\/\" tabindex=\"-1\" ><div class=\"elementor-post__thumbnail\"><img loading=\"lazy\" decoding=\"async\" width=\"300\" height=\"200\" src=\"https:\/\/www.profitconnect.co.uk\/wp-content\/uploads\/2024\/11\/egger-300x200.png\" class=\"attachment-medium size-medium wp-image-2666\" alt=\"\" srcset=\"https:\/\/www.profitconnect.co.uk\/wp-content\/uploads\/2024\/11\/egger-300x200.png 300w, https:\/\/www.profitconnect.co.uk\/wp-content\/uploads\/2024\/11\/egger-1024x683.png 1024w, https:\/\/www.profitconnect.co.uk\/wp-content\/uploads\/2024\/11\/egger-768x512.png 768w, https:\/\/www.profitconnect.co.uk\/wp-content\/uploads\/2024\/11\/egger.png 1080w\" sizes=\"(max-width: 300px) 100vw, 300px\" \/><\/div><\/a>\n\t\t\t\t<div class=\"elementor-post__badge\">Esettanulm\u00e1nyok<\/div>\n\t\t\t\t<div class=\"elementor-post__text\">\n\t\t\t\t<h2 class=\"elementor-post__title\">\n\t\t\t<a href=\"https:\/\/www.profitconnect.co.uk\/hu\/esettanulmanyok\/a-paneuropai-behajtasi-ellenorzes-folyamatbiztositast-nyujt-az-egger-szamara\/\" >\n\t\t\t\tNemzetk\u00f6zi Profit Recovery projekt az Egger Csoportn\u00e1l\t\t\t<\/a>\n\t\t<\/h2>\n\t\t\t\t<div class=\"elementor-post__excerpt\">\n\t\t\t<p>Esettanulm\u00e1ny Az Egger, a t\u00f6bbmilli\u00e1rd eur\u00f3s forgalm\u00fa, csal\u00e1di tulajdonban l\u00e9v\u0151 nemzetk\u00f6zi faterm\u00e9kgy\u00e1rt\u00f3 \u00f3ri\u00e1s a Profit Connect EMEA szak\u00e9rtelm\u00e9t h\u00edvta seg\u00edts\u00e9g\u00fcl<\/p>\n\t\t<\/div>\n\t\t\t\t\t<div class=\"elementor-post__read-more-wrapper\">\n\t\t\n\t\t<a class=\"elementor-post__read-more\" href=\"https:\/\/www.profitconnect.co.uk\/hu\/esettanulmanyok\/a-paneuropai-behajtasi-ellenorzes-folyamatbiztositast-nyujt-az-egger-szamara\/\" aria-label=\"Read more about Nemzetk\u00f6zi Profit Recovery projekt az Egger Csoportn\u00e1l\" tabindex=\"-1\" >\n\t\t\tB\u0151vebben &gt;\t\t<\/a>\n\n\t\t\t\t\t<\/div>\n\t\t\t\t<\/div>\n\t\t\t\t<div class=\"elementor-post__meta-data\">\n\t\t\t\t\t<span class=\"elementor-post-date\">\n\t\t\tnovember 1, 2024\t\t<\/span>\n\t\t\t\t<\/div>\n\t\t\t\t\t<\/div>\n\t\t<\/article>\n\t\t\t\t<\/div>\n\t\t\n\t\t\t\t\t\t<\/div>\n\t\t\t\t<\/div>\n\t\t\t\t\t<\/div>\n\t\t<\/div>\n\t\t\t\t\t<\/div>\n\t\t<\/section>\n\t\t\t\t<\/div>\n\t\t","protected":false},"excerpt":{"rendered":"<p>Blog Maradjon naprak\u00e9sz<\/p>\n","protected":false},"author":1,"featured_media":2421,"parent":0,"menu_order":0,"comment_status":"closed","ping_status":"closed","template":"","meta":{"_acf_changed":false,"site-sidebar-layout":"no-sidebar","site-content-layout":"","ast-site-content-layout":"full-width-container","site-content-style":"default","site-sidebar-style":"default","ast-global-header-display":"","ast-banner-title-visibility":"","ast-main-header-display":"","ast-hfb-above-header-display":"","ast-hfb-below-header-display":"","ast-hfb-mobile-header-display":"","site-post-title":"disabled","ast-breadcrumbs-content":"","ast-featured-img":"disabled","footer-sml-layout":"","ast-disable-related-posts":"","theme-transparent-header-meta":"","adv-header-id-meta":"","stick-header-meta":"","header-above-stick-meta":"","header-main-stick-meta":"","header-below-stick-meta":"","astra-migrate-meta-layouts":"default","ast-page-background-enabled":"default","ast-page-background-meta":{"desktop":{"background-color":"var(--ast-global-color-4)","background-image":"","background-repeat":"repeat","background-position":"center center","background-size":"auto","background-attachment":"scroll","background-type":"","background-media":"","overlay-type":"","overlay-color":"","overlay-opacity":"","overlay-gradient":""},"tablet":{"background-color":"","background-image":"","background-repeat":"repeat","background-position":"center center","background-size":"auto","background-attachment":"scroll","background-type":"","background-media":"","overlay-type":"","overlay-color":"","overlay-opacity":"","overlay-gradient":""},"mobile":{"background-color":"","background-image":"","background-repeat":"repeat","background-position":"center center","background-size":"auto","background-attachment":"scroll","background-type":"","background-media":"","overlay-type":"","overlay-color":"","overlay-opacity":"","overlay-gradient":""}},"ast-content-background-meta":{"desktop":{"background-color":"var(--ast-global-color-5)","background-image":"","background-repeat":"repeat","background-position":"center center","background-size":"auto","background-attachment":"scroll","background-type":"","background-media":"","overlay-type":"","overlay-color":"","overlay-opacity":"","overlay-gradient":""},"tablet":{"background-color":"var(--ast-global-color-5)","background-image":"","background-repeat":"repeat","background-position":"center center","background-size":"auto","background-attachment":"scroll","background-type":"","background-media":"","overlay-type":"","overlay-color":"","overlay-opacity":"","overlay-gradient":""},"mobile":{"background-color":"var(--ast-global-color-5)","background-image":"","background-repeat":"repeat","background-position":"center center","background-size":"auto","background-attachment":"scroll","background-type":"","background-media":"","overlay-type":"","overlay-color":"","overlay-opacity":"","overlay-gradient":""}},"footnotes":""},"class_list":["post-2420","page","type-page","status-publish","has-post-thumbnail","hentry"],"acf":[],"_links":{"self":[{"href":"https:\/\/www.profitconnect.co.uk\/hu\/wp-json\/wp\/v2\/pages\/2420","targetHints":{"allow":["GET"]}}],"collection":[{"href":"https:\/\/www.profitconnect.co.uk\/hu\/wp-json\/wp\/v2\/pages"}],"about":[{"href":"https:\/\/www.profitconnect.co.uk\/hu\/wp-json\/wp\/v2\/types\/page"}],"author":[{"embeddable":true,"href":"https:\/\/www.profitconnect.co.uk\/hu\/wp-json\/wp\/v2\/users\/1"}],"replies":[{"embeddable":true,"href":"https:\/\/www.profitconnect.co.uk\/hu\/wp-json\/wp\/v2\/comments?post=2420"}],"version-history":[{"count":2,"href":"https:\/\/www.profitconnect.co.uk\/hu\/wp-json\/wp\/v2\/pages\/2420\/revisions"}],"predecessor-version":[{"id":2426,"href":"https:\/\/www.profitconnect.co.uk\/hu\/wp-json\/wp\/v2\/pages\/2420\/revisions\/2426"}],"wp:featuredmedia":[{"embeddable":true,"href":"https:\/\/www.profitconnect.co.uk\/hu\/wp-json\/wp\/v2\/media\/2421"}],"wp:attachment":[{"href":"https:\/\/www.profitconnect.co.uk\/hu\/wp-json\/wp\/v2\/media?parent=2420"}],"curies":[{"name":"wp","href":"https:\/\/api.w.org\/{rel}","templated":true}]}}